{"id":105,"date":"2020-03-22T19:03:49","date_gmt":"2020-03-22T19:03:49","guid":{"rendered":"http:\/\/www.architekturwao.li\/?page_id=105"},"modified":"2021-12-27T13:30:22","modified_gmt":"2021-12-27T13:30:22","slug":"105-2","status":"publish","type":"page","link":"http:\/\/www.architekturwao.li\/","title":{"rendered":""},"content":{"rendered":"\n<div class=\"wp-block-image\"><figure class=\"aligncenter size-large is-resized\"><a href=\"http:\/\/www.architekturwao.li\/?p=1\"><img loading=\"lazy\" src=\"http:\/\/www.architekturwao.li\/wp-content\/uploads\/2020\/03\/WAO-master-W-06-e1584884125929-1024x450.png\" alt=\"\" class=\"wp-image-63\" width=\"1449\" height=\"636\" srcset=\"http:\/\/www.architekturwao.li\/wp-content\/uploads\/2020\/03\/WAO-master-W-06-e1584884125929-1024x450.png 1024w, http:\/\/www.architekturwao.li\/wp-content\/uploads\/2020\/03\/WAO-master-W-06-e1584884125929-300x132.png 300w, http:\/\/www.architekturwao.li\/wp-content\/uploads\/2020\/03\/WAO-master-W-06-e1584884125929-768x338.png 768w, http:\/\/www.architekturwao.li\/wp-content\/uploads\/2020\/03\/WAO-master-W-06-e1584884125929-1200x527.png 1200w, http:\/\/www.architekturwao.li\/wp-content\/uploads\/2020\/03\/WAO-master-W-06-e1584884125929.png 1240w\" sizes=\"(max-width: 1449px) 100vw, 1449px\" \/><\/a><figcaption><br><br><br><\/figcaption><\/figure><\/div>\n\n\n\n<p><\/p>\n\n\n\n<h2 class=\"has-text-align-center\">WER WIR SIND<\/h2>\n\n\n\n<figure class=\"wp-block-image size-large\"><img loading=\"lazy\" width=\"2560\" height=\"1707\" src=\"http:\/\/www.architekturwao.li\/wp-content\/uploads\/2021\/06\/2021-06-15-Architektur-WAO-Buero-und-MA-0498-scaled.jpg\" alt=\"\" class=\"wp-image-503\" srcset=\"http:\/\/www.architekturwao.li\/wp-content\/uploads\/2021\/06\/2021-06-15-Architektur-WAO-Buero-und-MA-0498-scaled.jpg 2560w, http:\/\/www.architekturwao.li\/wp-content\/uploads\/2021\/06\/2021-06-15-Architektur-WAO-Buero-und-MA-0498-600x400.jpg 600w, http:\/\/www.architekturwao.li\/wp-content\/uploads\/2021\/06\/2021-06-15-Architektur-WAO-Buero-und-MA-0498-768x512.jpg 768w, http:\/\/www.architekturwao.li\/wp-content\/uploads\/2021\/06\/2021-06-15-Architektur-WAO-Buero-und-MA-0498-1536x1024.jpg 1536w, http:\/\/www.architekturwao.li\/wp-content\/uploads\/2021\/06\/2021-06-15-Architektur-WAO-Buero-und-MA-0498-2048x1365.jpg 2048w, http:\/\/www.architekturwao.li\/wp-content\/uploads\/2021\/06\/2021-06-15-Architektur-WAO-Buero-und-MA-0498-1200x800.jpg 1200w\" sizes=\"(max-width: 2560px) 100vw, 2560px\" \/><\/figure>\n\n\n\n<p class=\"has-text-align-center\">Die Motivation unseres Schaffens ist der Wille und die Freude, qualitativ hochwertige R\u00e4ume mit grossem gestalterischem Anspruch und einer eigenen Bestimmung zu realisieren. R\u00e4ume, die sich in den Landschafts- und Stadtraum ein- und nicht anpassen. Dazu geh\u00f6rt eine spezifische Materialisierung und Konstruktion. Mit einer bewussten Gestaltung werden der Raum und dessen Oberfl\u00e4chen f\u00fcr alle f\u00fcnf Sinne erlebbar gemacht und dadurch in ihrer Sinnhaftigkeit wahrnehmbar. Raum wird bis ins letzte Detail pr\u00e4zise gedacht und geplant. Damit erh\u00e4lt die Architektur eine unverwechselbare Identit\u00e4t.<\/p>\n\n\n\n<p class=\"has-text-align-center has-text-color\" style=\"color:#ffffff\">Unsere Philosophie<\/p>\n\n\n\n<p class=\"has-text-align-center has-text-color\" style=\"color:#ffffff\">Mitarbeitende<\/p>\n\n\n\n<p class=\"has-text-align-center\" style=\"font-size:14px\"><\/p>\n\n\n\n<p class=\"has-text-align-center has-very-dark-gray-color has-text-color has-normal-font-size\"><br><br><br><a href=\"http:\/\/www.architekturwao.li\/?page_id=383\"><strong>kommt vorbei, wir freuen uns auf euch!<\/strong><\/a><\/p>\n\n\n\n<h1 class=\"has-text-align-center\"><br><br><strong><a href=\"http:\/\/www.architekturwao.li\/?page_id=464(\u00f6ffnet in neuem Tab)\"><span class=\"has-inline-color has-pale-pink-color\">AN WAS WIR FREUDE HABEN<\/span><\/a><\/strong><\/h1>\n\n\n\n<p class=\"has-text-align-center has-text-color has-large-font-size\" style=\"color:#ffffff\">ich bin ein Abstand<\/p>\n\n\n\n<p class=\"has-text-align-center has-text-color has-huge-font-size\" style=\"color:#ffffff\">ich bin ein Abstand<\/p>\n\n\n\n<h2 class=\"has-text-align-center\">Hier finden sie uns<\/h2>\n\n\n\n<div class=\"wp-block-image is-style-default\"><figure class=\"aligncenter\"><a href=\"http:\/\/www.architekturwao.li\/?p=1\"><img loading=\"lazy\" width=\"2560\" height=\"1415\" src=\"http:\/\/www.architekturwao.li\/wp-content\/uploads\/2020\/03\/IMG_6794x-scaled.jpg\" alt=\"\" class=\"wp-image-377\" srcset=\"http:\/\/www.architekturwao.li\/wp-content\/uploads\/2020\/03\/IMG_6794x-scaled.jpg 2560w, http:\/\/www.architekturwao.li\/wp-content\/uploads\/2020\/03\/IMG_6794x-600x332.jpg 600w, http:\/\/www.architekturwao.li\/wp-content\/uploads\/2020\/03\/IMG_6794x-768x424.jpg 768w, http:\/\/www.architekturwao.li\/wp-content\/uploads\/2020\/03\/IMG_6794x-1536x849.jpg 1536w, http:\/\/www.architekturwao.li\/wp-content\/uploads\/2020\/03\/IMG_6794x-2048x1132.jpg 2048w, http:\/\/www.architekturwao.li\/wp-content\/uploads\/2020\/03\/IMG_6794x-1200x663.jpg 1200w\" sizes=\"(max-width: 2560px) 100vw, 2560px\" \/><\/a><\/figure><\/div>\n\n\n\n<p class=\"has-text-align-center\"><strong>Adresse<\/strong><br>Architektur WAO<br>Landstrasse 43<br>FL 9494 Schaan<\/p>\n\n\n\n<p class=\"has-text-align-center\"><a href=\"mailto:hallo@architekturwao.li\">hallo@architekturwao.li<\/a><br>Tel. +423 232 99 98<\/p>\n\n\n\n<p class=\"has-text-align-center\"><strong>\u00d6ffnungszeiten<\/strong><br>Montag bis Freitag<br>09.00-12.00 Uhr<br>13.30-17.00 Uhr<\/p>\n","protected":false},"excerpt":{"rendered":"<p>WER WIR SIND AN WAS WIR FREUDE HABEN ich bin ein Abstand ich bin ein Abstand Hier finden sie uns AdresseArchitektur WAOLandstrasse 43FL 9494 Schaan hallo@architekturwao.liTel. +423 232 99 98 \u00d6ffnungszeitenMontag bis Freitag09.00-12.00 Uhr13.30-17.00 Uhr<\/p>\n","protected":false},"author":1,"featured_media":0,"parent":0,"menu_order":1,"comment_status":"closed","ping_status":"closed","template":"","meta":[],"_links":{"self":[{"href":"http:\/\/www.architekturwao.li\/index.php?rest_route=\/wp\/v2\/pages\/105"}],"collection":[{"href":"http:\/\/www.architekturwao.li\/index.php?rest_route=\/wp\/v2\/pages"}],"about":[{"href":"http:\/\/www.architekturwao.li\/index.php?rest_route=\/wp\/v2\/types\/page"}],"author":[{"embeddable":true,"href":"http:\/\/www.architekturwao.li\/index.php?rest_route=\/wp\/v2\/users\/1"}],"replies":[{"embeddable":true,"href":"http:\/\/www.architekturwao.li\/index.php?rest_route=%2Fwp%2Fv2%2Fcomments&post=105"}],"version-history":[{"count":34,"href":"http:\/\/www.architekturwao.li\/index.php?rest_route=\/wp\/v2\/pages\/105\/revisions"}],"predecessor-version":[{"id":775,"href":"http:\/\/www.architekturwao.li\/index.php?rest_route=\/wp\/v2\/pages\/105\/revisions\/775"}],"wp:attachment":[{"href":"http:\/\/www.architekturwao.li\/index.php?rest_route=%2Fwp%2Fv2%2Fmedia&parent=105"}],"curies":[{"name":"wp","href":"https:\/\/api.w.org\/{rel}","templated":true}]}}